{"id":62,"date":"2015-12-15T13:23:24","date_gmt":"2015-12-15T12:23:24","guid":{"rendered":"http:\/\/beitl.at\/?page_id=62"},"modified":"2016-09-27T10:32:40","modified_gmt":"2016-09-27T08:32:40","slug":"landschaftsplanung","status":"publish","type":"page","link":"https:\/\/beitl.at\/en\/taetigkeitsfelder\/landschaftsplanung\/","title":{"rendered":"Landscape Planning"},"content":{"rendered":"<p class=\"qtranxs-available-languages-message qtranxs-available-languages-message-en\">Sorry, this entry is only available in <a href=\"https:\/\/beitl.at\/de\/wp-json\/wp\/v2\/pages\/62\" class=\"qtranxs-available-language-link qtranxs-available-language-link-de\" title=\"Deutsch\">German<\/a>.<\/p><p><img loading=\"lazy\" class=\"alignnone size-medium wp-image-519 alignright\" src=\"http:\/\/beitl.bf-projects.at\/wp-content\/uploads\/2015\/12\/Landschaftsarchitektur-Leitbild-sw-300x212.jpg\" alt=\"Landschaftsarchitektur-Leitbild-sw\" width=\"300\" height=\"212\" srcset=\"https:\/\/beitl.at\/wp-content\/uploads\/2015\/12\/Landschaftsarchitektur-Leitbild-sw-300x212.jpg 300w, https:\/\/beitl.at\/wp-content\/uploads\/2015\/12\/Landschaftsarchitektur-Leitbild-sw.jpg 424w\" sizes=\"(max-width: 300px) 100vw, 300px\" \/>Natur &amp; Umwelt im Fokus. Begleitend zu landschaftsarchitektonischen Ma\u00dfnahmen haben wir neben den gestalterischen auch die \u00f6kologischen Anspr\u00fcche in allen Planungsstadien im \u00dcberblick &#8211; ob f\u00fcr umfassende Projekte im Bereich regionaler Landschaftsentwicklung, Verkehrsroutenplanung, Rekultivierung oder auch kleinere\u00a0Freiraumkonzepte.<\/p>","protected":false},"excerpt":{"rendered":"<p>Sorry, this entry is only available in German.Natur &amp; Umwelt im Fokus. Begleitend zu landschaftsarchitektonischen Ma\u00dfnahmen haben wir neben den gestalterischen auch die \u00f6kologischen Anspr\u00fcche in allen Planungsstadien im \u00dcberblick &#8211; ob f\u00fcr umfassende Projekte im Bereich regionaler Landschaftsentwicklung, Verkehrsroutenplanung, Rekultivierung oder auch kleinere\u00a0Freiraumkonzepte.<\/p>\n","protected":false},"author":1,"featured_media":519,"parent":11,"menu_order":0,"comment_status":"closed","ping_status":"closed","template":"service-childs.php","meta":[],"acf":[],"aioseo_notices":[],"_links":{"self":[{"href":"https:\/\/beitl.at\/en\/wp-json\/wp\/v2\/pages\/62"}],"collection":[{"href":"https:\/\/beitl.at\/en\/wp-json\/wp\/v2\/pages"}],"about":[{"href":"https:\/\/beitl.at\/en\/wp-json\/wp\/v2\/types\/page"}],"author":[{"embeddable":true,"href":"https:\/\/beitl.at\/en\/wp-json\/wp\/v2\/users\/1"}],"replies":[{"embeddable":true,"href":"https:\/\/beitl.at\/en\/wp-json\/wp\/v2\/comments?post=62"}],"version-history":[{"count":16,"href":"https:\/\/beitl.at\/en\/wp-json\/wp\/v2\/pages\/62\/revisions"}],"predecessor-version":[{"id":549,"href":"https:\/\/beitl.at\/en\/wp-json\/wp\/v2\/pages\/62\/revisions\/549"}],"up":[{"embeddable":true,"href":"https:\/\/beitl.at\/en\/wp-json\/wp\/v2\/pages\/11"}],"wp:featuredmedia":[{"embeddable":true,"href":"https:\/\/beitl.at\/en\/wp-json\/wp\/v2\/media\/519"}],"wp:attachment":[{"href":"https:\/\/beitl.at\/en\/wp-json\/wp\/v2\/media?parent=62"}],"curies":[{"name":"wp","href":"https:\/\/api.w.org\/{rel}","templated":true}]}}