{"id":64,"date":"2015-12-15T13:27:38","date_gmt":"2015-12-15T12:27:38","guid":{"rendered":"http:\/\/beitl.at\/?page_id=64"},"modified":"2016-09-27T10:35:48","modified_gmt":"2016-09-27T08:35:48","slug":"umweltmanagement","status":"publish","type":"page","link":"https:\/\/beitl.at\/en\/taetigkeitsfelder\/umweltmanagement\/","title":{"rendered":"Environmental Management"},"content":{"rendered":"<p class=\"qtranxs-available-languages-message qtranxs-available-languages-message-en\">Sorry, this entry is only available in <a href=\"https:\/\/beitl.at\/de\/wp-json\/wp\/v2\/pages\/64\" class=\"qtranxs-available-language-link qtranxs-available-language-link-de\" title=\"Deutsch\">German<\/a>.<\/p><p><img loading=\"lazy\" class=\"size-medium wp-image-528 alignright\" src=\"http:\/\/beitl.bf-projects.at\/wp-content\/uploads\/2016\/09\/Umweltmanagement-sw-300x214.jpg\" alt=\"Umweltmanagement-sw\" width=\"300\" height=\"214\" srcset=\"https:\/\/beitl.at\/wp-content\/uploads\/2016\/09\/Umweltmanagement-sw-300x214.jpg 300w, https:\/\/beitl.at\/wp-content\/uploads\/2016\/09\/Umweltmanagement-sw.jpg 336w\" sizes=\"(max-width: 300px) 100vw, 300px\" \/><\/p>\n<p>Unabh\u00e4ngig, interdisziplin\u00e4r, strategisch. Im Bereich Umweltmanagement bieten wir reiche Erfahrung und umfangreiche Leistungen. In jeder Phase,\u00a0ob w\u00e4hrend der Studie oder der Bauausf\u00fchrung: von kleineren Projekten bis zu den gr\u00f6\u00dften Infrastrukturvorhaben \u00d6sterreichs.<\/p>\n<ul>\n<li>Koordination und Steuerung von Umweltuntersuchungen und interdisziplin\u00e4rer Planungsteams<\/li>\n<li>Abwicklung von Gro\u00dfprojekten als Generalplaner im Umweltbereich<\/li>\n<li>Strategische Beratung und Konzeption f\u00fcr Auftraggeber<\/li>\n<li>Umweltstudien und Umweltpr\u00fcfungen (RVP, SUP \/ SP-V, NVP, UVP)<\/li>\n<li>Abwicklung \u00a0umweltrelevanter Rechtsverfahren (UVP, NVP, Naturschutzrecht, Forstrecht, etc.)<\/li>\n<li>Betreuung von Beh\u00f6rden und Stakeholdern<\/li>\n<li>\u00d6ffentlichkeitsarbeit<\/li>\n<li>\u00d6rtliche und \u00d6kologische Bauaufsicht<\/li>\n<\/ul>\n<p><\/p>","protected":false},"excerpt":{"rendered":"<p>Sorry, this entry is only available in German. Unabh\u00e4ngig, interdisziplin\u00e4r, strategisch. Im Bereich Umweltmanagement bieten wir reiche Erfahrung und umfangreiche Leistungen. In jeder Phase,\u00a0ob w\u00e4hrend der Studie oder der Bauausf\u00fchrung: von kleineren Projekten bis zu den gr\u00f6\u00dften Infrastrukturvorhaben \u00d6sterreichs. Koordination und Steuerung von Umweltuntersuchungen und interdisziplin\u00e4rer Planungsteams Abwicklung von Gro\u00dfprojekten als Generalplaner im Umweltbereich Strategische [&hellip;]<\/p>\n","protected":false},"author":1,"featured_media":528,"parent":11,"menu_order":0,"comment_status":"closed","ping_status":"closed","template":"service-childs.php","meta":[],"acf":[],"aioseo_notices":[],"_links":{"self":[{"href":"https:\/\/beitl.at\/en\/wp-json\/wp\/v2\/pages\/64"}],"collection":[{"href":"https:\/\/beitl.at\/en\/wp-json\/wp\/v2\/pages"}],"about":[{"href":"https:\/\/beitl.at\/en\/wp-json\/wp\/v2\/types\/page"}],"author":[{"embeddable":true,"href":"https:\/\/beitl.at\/en\/wp-json\/wp\/v2\/users\/1"}],"replies":[{"embeddable":true,"href":"https:\/\/beitl.at\/en\/wp-json\/wp\/v2\/comments?post=64"}],"version-history":[{"count":20,"href":"https:\/\/beitl.at\/en\/wp-json\/wp\/v2\/pages\/64\/revisions"}],"predecessor-version":[{"id":573,"href":"https:\/\/beitl.at\/en\/wp-json\/wp\/v2\/pages\/64\/revisions\/573"}],"up":[{"embeddable":true,"href":"https:\/\/beitl.at\/en\/wp-json\/wp\/v2\/pages\/11"}],"wp:featuredmedia":[{"embeddable":true,"href":"https:\/\/beitl.at\/en\/wp-json\/wp\/v2\/media\/528"}],"wp:attachment":[{"href":"https:\/\/beitl.at\/en\/wp-json\/wp\/v2\/media?parent=64"}],"curies":[{"name":"wp","href":"https:\/\/api.w.org\/{rel}","templated":true}]}}