{"id":68,"date":"2015-12-15T13:32:55","date_gmt":"2015-12-15T12:32:55","guid":{"rendered":"http:\/\/beitl.at\/?page_id=68"},"modified":"2016-09-30T12:21:10","modified_gmt":"2016-09-30T10:21:10","slug":"umweltvertraeglichkeitspruefung","status":"publish","type":"page","link":"https:\/\/beitl.at\/en\/taetigkeitsfelder\/umweltvertraeglichkeitspruefung\/","title":{"rendered":"Environmental Impact Assessment (EIA)"},"content":{"rendered":"<p class=\"qtranxs-available-languages-message qtranxs-available-languages-message-en\">Sorry, this entry is only available in <a href=\"https:\/\/beitl.at\/de\/wp-json\/wp\/v2\/pages\/68\" class=\"qtranxs-available-language-link qtranxs-available-language-link-de\" title=\"Deutsch\">German<\/a>.<\/p><p><img loading=\"lazy\" class=\"wp-image-473 size-full alignright\" src=\"http:\/\/beitl.at\/wp-content\/uploads\/2015\/12\/UVP-Detail-beitl-zt-sw.jpg\" alt=\"UVP-Detail-beitl-zt-gmbH\" width=\"283\" height=\"200\" \/><\/p>\n<p>F\u00fcr genehmigungspflichtige Projekte f\u00fchren wir fachspezifische Umweltuntersuchungen durch und koordinieren den gesamten Planungsprozess zwischen technischer Planung und Umweltuntersuchungen sowie in den \u00a0Genehmigungsverfahren. UVP-pflichtige Vorhaben stellen hier besondere Anforderungen.<\/p>\n<ul>\n<li>fachspezifische Umweltuntersuchungen (z.B. Siedlungs- &amp; Wirtschaftsraum, Sach- und Kulturg\u00fcter, Stadt- und Landschaftsbild, Freizeit- &amp; Erholungsnutzungen, Forst- und Jagdwirtschaft, \u00d6kologie, Landwirtschaft, Boden, \u2026)<\/li>\n<li>Verfassen der Umweltvertr\u00e4glichkeitserkl\u00e4rung<\/li>\n<li>Erstellung der Einreichprojekte<\/li>\n<li>Verfahrensbegleitung &amp; Koordination w\u00e4hrend der \u00dcberpr\u00fcfung durch die Beh\u00f6rden<\/li>\n<\/ul>\n<p><\/p>","protected":false},"excerpt":{"rendered":"<p>Sorry, this entry is only available in German. F\u00fcr genehmigungspflichtige Projekte f\u00fchren wir fachspezifische Umweltuntersuchungen durch und koordinieren den gesamten Planungsprozess zwischen technischer Planung und Umweltuntersuchungen sowie in den \u00a0Genehmigungsverfahren. UVP-pflichtige Vorhaben stellen hier besondere Anforderungen. fachspezifische Umweltuntersuchungen (z.B. Siedlungs- &amp; Wirtschaftsraum, Sach- und Kulturg\u00fcter, Stadt- und Landschaftsbild, Freizeit- &amp; Erholungsnutzungen, Forst- und Jagdwirtschaft, \u00d6kologie, [&hellip;]<\/p>\n","protected":false},"author":1,"featured_media":473,"parent":11,"menu_order":0,"comment_status":"closed","ping_status":"closed","template":"service-childs.php","meta":[],"acf":[],"aioseo_notices":[],"_links":{"self":[{"href":"https:\/\/beitl.at\/en\/wp-json\/wp\/v2\/pages\/68"}],"collection":[{"href":"https:\/\/beitl.at\/en\/wp-json\/wp\/v2\/pages"}],"about":[{"href":"https:\/\/beitl.at\/en\/wp-json\/wp\/v2\/types\/page"}],"author":[{"embeddable":true,"href":"https:\/\/beitl.at\/en\/wp-json\/wp\/v2\/users\/1"}],"replies":[{"embeddable":true,"href":"https:\/\/beitl.at\/en\/wp-json\/wp\/v2\/comments?post=68"}],"version-history":[{"count":18,"href":"https:\/\/beitl.at\/en\/wp-json\/wp\/v2\/pages\/68\/revisions"}],"predecessor-version":[{"id":576,"href":"https:\/\/beitl.at\/en\/wp-json\/wp\/v2\/pages\/68\/revisions\/576"}],"up":[{"embeddable":true,"href":"https:\/\/beitl.at\/en\/wp-json\/wp\/v2\/pages\/11"}],"wp:featuredmedia":[{"embeddable":true,"href":"https:\/\/beitl.at\/en\/wp-json\/wp\/v2\/media\/473"}],"wp:attachment":[{"href":"https:\/\/beitl.at\/en\/wp-json\/wp\/v2\/media?parent=68"}],"curies":[{"name":"wp","href":"https:\/\/api.w.org\/{rel}","templated":true}]}}