{"id":70,"date":"2015-12-15T13:33:17","date_gmt":"2015-12-15T12:33:17","guid":{"rendered":"http:\/\/beitl.at\/?page_id=70"},"modified":"2016-09-28T12:22:16","modified_gmt":"2016-09-28T10:22:16","slug":"gutachten","status":"publish","type":"page","link":"https:\/\/beitl.at\/en\/taetigkeitsfelder\/gutachten\/","title":{"rendered":"Expertise"},"content":{"rendered":"<p class=\"qtranxs-available-languages-message qtranxs-available-languages-message-en\">Sorry, this entry is only available in <a href=\"https:\/\/beitl.at\/de\/wp-json\/wp\/v2\/pages\/70\" class=\"qtranxs-available-language-link qtranxs-available-language-link-de\" title=\"Deutsch\">German<\/a>.<\/p><p><img loading=\"lazy\" class=\"size-medium wp-image-526 alignright\" src=\"http:\/\/beitl.bf-projects.at\/wp-content\/uploads\/2016\/09\/Gutachten-Leitbild-300x212.jpg\" alt=\"Gutachten-Leitbild\" width=\"300\" height=\"212\" srcset=\"https:\/\/beitl.at\/wp-content\/uploads\/2016\/09\/Gutachten-Leitbild-300x212.jpg 300w, https:\/\/beitl.at\/wp-content\/uploads\/2016\/09\/Gutachten-Leitbild.jpg 424w\" sizes=\"(max-width: 300px) 100vw, 300px\" \/><\/p>\n<p>Als Ziviltechniker und allgemein beeideter und gerichtlich zertifizierter Sachverst\u00e4ndiger verfasst DI Markus Beitl unabh\u00e4ngige Gutachten f\u00fcr:<\/p>\n<p>Gerichte, Beh\u00f6rden,\u00a0Versicherungen,\u00a0 Anwaltskanzleien,\u00a0Unternehmen, Private<\/p>\n<p>Aufgrund der steigenden Zahl\u00a0gerichtlicher Auseinandersetzungen bei\u00a0Bauvorhaben, ein T\u00e4tigkeitsfeld, das in den letzten Jahren\u00a0vermehrt in Anspruch genommen wird.<\/p>","protected":false},"excerpt":{"rendered":"<p>Sorry, this entry is only available in German. Als Ziviltechniker und allgemein beeideter und gerichtlich zertifizierter Sachverst\u00e4ndiger verfasst DI Markus Beitl unabh\u00e4ngige Gutachten f\u00fcr: Gerichte, Beh\u00f6rden,\u00a0Versicherungen,\u00a0 Anwaltskanzleien,\u00a0Unternehmen, Private Aufgrund der steigenden Zahl\u00a0gerichtlicher Auseinandersetzungen bei\u00a0Bauvorhaben, ein T\u00e4tigkeitsfeld, das in den letzten Jahren\u00a0vermehrt in Anspruch genommen wird.<\/p>\n","protected":false},"author":1,"featured_media":526,"parent":11,"menu_order":0,"comment_status":"closed","ping_status":"closed","template":"service-childs.php","meta":[],"acf":[],"aioseo_notices":[],"_links":{"self":[{"href":"https:\/\/beitl.at\/en\/wp-json\/wp\/v2\/pages\/70"}],"collection":[{"href":"https:\/\/beitl.at\/en\/wp-json\/wp\/v2\/pages"}],"about":[{"href":"https:\/\/beitl.at\/en\/wp-json\/wp\/v2\/types\/page"}],"author":[{"embeddable":true,"href":"https:\/\/beitl.at\/en\/wp-json\/wp\/v2\/users\/1"}],"replies":[{"embeddable":true,"href":"https:\/\/beitl.at\/en\/wp-json\/wp\/v2\/comments?post=70"}],"version-history":[{"count":22,"href":"https:\/\/beitl.at\/en\/wp-json\/wp\/v2\/pages\/70\/revisions"}],"predecessor-version":[{"id":547,"href":"https:\/\/beitl.at\/en\/wp-json\/wp\/v2\/pages\/70\/revisions\/547"}],"up":[{"embeddable":true,"href":"https:\/\/beitl.at\/en\/wp-json\/wp\/v2\/pages\/11"}],"wp:featuredmedia":[{"embeddable":true,"href":"https:\/\/beitl.at\/en\/wp-json\/wp\/v2\/media\/526"}],"wp:attachment":[{"href":"https:\/\/beitl.at\/en\/wp-json\/wp\/v2\/media?parent=70"}],"curies":[{"name":"wp","href":"https:\/\/api.w.org\/{rel}","templated":true}]}}