{"id":72,"date":"2015-12-15T13:33:51","date_gmt":"2015-12-15T12:33:51","guid":{"rendered":"http:\/\/beitl.at\/?page_id=72"},"modified":"2016-09-27T10:50:54","modified_gmt":"2016-09-27T08:50:54","slug":"oeffentlichkeitsarbeit","status":"publish","type":"page","link":"https:\/\/beitl.at\/en\/taetigkeitsfelder\/oeffentlichkeitsarbeit\/","title":{"rendered":"Public Relations"},"content":{"rendered":"<p class=\"qtranxs-available-languages-message qtranxs-available-languages-message-en\">Sorry, this entry is only available in <a href=\"https:\/\/beitl.at\/de\/wp-json\/wp\/v2\/pages\/72\" class=\"qtranxs-available-language-link qtranxs-available-language-link-de\" title=\"Deutsch\">German<\/a>.<\/p><p><img loading=\"lazy\" class=\"alignnone size-medium wp-image-529 alignright\" src=\"http:\/\/beitl.bf-projects.at\/wp-content\/uploads\/2016\/09\/\u00d6ffentichkeitsarbeit-sw-300x214.jpg\" alt=\"\u00d6ffentichkeitsarbeit-sw\" width=\"300\" height=\"214\" srcset=\"https:\/\/beitl.at\/wp-content\/uploads\/2016\/09\/\u00d6ffentichkeitsarbeit-sw-300x214.jpg 300w, https:\/\/beitl.at\/wp-content\/uploads\/2016\/09\/\u00d6ffentichkeitsarbeit-sw.jpg 336w\" sizes=\"(max-width: 300px) 100vw, 300px\" \/>Von der B\u00fcrgerinformation bis zur Planungsausstellung \u2013 vom Pressetext bis zur Moderation. Die \u00d6ffentlichkeitsarbeit ist bei uns in der gelebten Planungspraxis fixer Bestandteil. Teils in Kooperation mit PR-Agenturen sorgen wir f\u00fcr fachlich fundierte Kommunikation in folgenden Bereichen:<\/p>\n<ul>\n<li>B\u00fcrgerinformationen<\/li>\n<li>Planungsausstellungen<\/li>\n<li>Erstellen von Pr\u00e4sentationen<\/li>\n<li>Fachliche Revision von Pressetexten<\/li>\n<li>Verfassen von Informationsmaterialien<\/li>\n<li>Moderation von Informationsveranstaltungen<\/li>\n<\/ul>\n<p><\/p>","protected":false},"excerpt":{"rendered":"<p>Sorry, this entry is only available in German.Von der B\u00fcrgerinformation bis zur Planungsausstellung \u2013 vom Pressetext bis zur Moderation. Die \u00d6ffentlichkeitsarbeit ist bei uns in der gelebten Planungspraxis fixer Bestandteil. Teils in Kooperation mit PR-Agenturen sorgen wir f\u00fcr fachlich fundierte Kommunikation in folgenden Bereichen: B\u00fcrgerinformationen Planungsausstellungen Erstellen von Pr\u00e4sentationen Fachliche Revision von Pressetexten Verfassen von [&hellip;]<\/p>\n","protected":false},"author":1,"featured_media":529,"parent":11,"menu_order":0,"comment_status":"closed","ping_status":"closed","template":"service-childs.php","meta":[],"acf":[],"aioseo_notices":[],"_links":{"self":[{"href":"https:\/\/beitl.at\/en\/wp-json\/wp\/v2\/pages\/72"}],"collection":[{"href":"https:\/\/beitl.at\/en\/wp-json\/wp\/v2\/pages"}],"about":[{"href":"https:\/\/beitl.at\/en\/wp-json\/wp\/v2\/types\/page"}],"author":[{"embeddable":true,"href":"https:\/\/beitl.at\/en\/wp-json\/wp\/v2\/users\/1"}],"replies":[{"embeddable":true,"href":"https:\/\/beitl.at\/en\/wp-json\/wp\/v2\/comments?post=72"}],"version-history":[{"count":30,"href":"https:\/\/beitl.at\/en\/wp-json\/wp\/v2\/pages\/72\/revisions"}],"predecessor-version":[{"id":550,"href":"https:\/\/beitl.at\/en\/wp-json\/wp\/v2\/pages\/72\/revisions\/550"}],"up":[{"embeddable":true,"href":"https:\/\/beitl.at\/en\/wp-json\/wp\/v2\/pages\/11"}],"wp:featuredmedia":[{"embeddable":true,"href":"https:\/\/beitl.at\/en\/wp-json\/wp\/v2\/media\/529"}],"wp:attachment":[{"href":"https:\/\/beitl.at\/en\/wp-json\/wp\/v2\/media?parent=72"}],"curies":[{"name":"wp","href":"https:\/\/api.w.org\/{rel}","templated":true}]}}